{"id":1491,"date":"2020-09-11T12:51:21","date_gmt":"2020-09-11T16:51:21","guid":{"rendered":"http:\/\/lematin.ca\/?page_id=1491"},"modified":"2021-07-21T09:08:51","modified_gmt":"2021-07-21T13:08:51","slug":"medias","status":"publish","type":"page","link":"http:\/\/lematin.ca\/?page_id=1491","title":{"rendered":"M\u00e9dias"},"content":{"rendered":"<p>Nous accueillons ici nos partenaires <strong>M\u00c9DIAS<\/strong> relatifs<\/p>\n<hr \/>\n<p><strong>Constellation GDMA<\/strong><\/p>\n<ul>\n<li><a href=\"http:\/\/reseauhem.com\">R\u00e9seau HEM International<\/a> &#8211; Canada, America, Europa, Geneva, Musica, Freelance, Network, Church, Mexico, Archives, Organe<\/li>\n<li><a href=\"http:\/\/monde-diplomatique.ca\">Le Monde-Diplomatique Canadien<\/a><\/li>\n<li><a href=\"http:\/\/journalpamh.com\">Journal PAMH<\/a> &#8211; Montr\u00e9al, Canada<\/li>\n<li><a href=\"http:\/\/bizotontribune.com\">Bizoton Tribune<\/a> &#8211; Carrefour Ha\u00efti<\/li>\n<li><a href=\"http:\/\/infodesprez.com\">l&rsquo;Info de pr\u00e8s<\/a> &#8211; New York USA<\/li>\n<li><a href=\"http:\/\/internationaldiplomat.com\">International Diplomat Global<\/a> &#8211; America, France, Colmbia, Organe, Network, Canada<\/li>\n<li><a href=\"http:\/\/www.divainternational.ch\">Diva International<\/a><\/li>\n<li><a href=\"http:\/\/cite-arcahaie.info\">Cite-Arcahaie<\/a> &#8211; Saintard<\/li>\n<li>HT magazine<\/li>\n<li><a href=\"http:\/\/reflets.online\">Reflets 100 Cultures<\/a><\/li>\n<li><a href=\"http:\/\/haiti-observateur.org\">Haiti-Observateur<\/a> &#8211; Canada, Information<\/li>\n<li><a href=\"http:\/\/shop-and-save.net\">Shop and Save<\/a> &#8211; Promotion<\/li>\n<li><a href=\"https:\/\/canalplushaiti.net\/\">Canal Plus Haiti<\/a> &#8211; Ind\u00e9pendant<\/li>\n<li><a href=\"https:\/\/omegaworldnews.com\/\">Omega World News<\/a> &#8211; USA Ind\u00e9pendant<\/li>\n<\/ul>\n","protected":false},"excerpt":{"rendered":"<p>Nous accueillons ici nos partenaires M\u00c9DIAS relatifs Constellation GDMA R\u00e9seau HEM International &#8211; Canada, America, Europa, Geneva, Musica, Freelance, Network, Church, Mexico, Archives, Organe Le Monde-Diplomatique Canadien Journal PAMH &#8211; Montr\u00e9al, Canada Bizoton Tribune &#8211; Carrefour Ha\u00efti l&rsquo;Info de pr\u00e8s &#8211; New York USA International Diplomat Global &#8211; America, France, Colmbia, Organe, Network, Canada Diva International Cite-Arcahaie &#8211; Saintard HT magazine Reflets 100 Cultures Haiti-Observateur &#8211; Canada, Information Shop and Save &#8211; Promotion Canal Plus Haiti &#8211; Ind\u00e9pendant Omega World News &#8211; USA Ind\u00e9pendant<\/p>\n","protected":false},"author":2,"featured_media":0,"parent":1497,"menu_order":0,"comment_status":"closed","ping_status":"closed","template":"","meta":[],"_links":{"self":[{"href":"http:\/\/lematin.ca\/index.php?rest_route=\/wp\/v2\/pages\/1491"}],"collection":[{"href":"http:\/\/lematin.ca\/index.php?rest_route=\/wp\/v2\/pages"}],"about":[{"href":"http:\/\/lematin.ca\/index.php?rest_route=\/wp\/v2\/types\/page"}],"author":[{"embeddable":true,"href":"http:\/\/lematin.ca\/index.php?rest_route=\/wp\/v2\/users\/2"}],"replies":[{"embeddable":true,"href":"http:\/\/lematin.ca\/index.php?rest_route=%2Fwp%2Fv2%2Fcomments&post=1491"}],"version-history":[{"count":3,"href":"http:\/\/lematin.ca\/index.php?rest_route=\/wp\/v2\/pages\/1491\/revisions"}],"predecessor-version":[{"id":1494,"href":"http:\/\/lematin.ca\/index.php?rest_route=\/wp\/v2\/pages\/1491\/revisions\/1494"}],"up":[{"embeddable":true,"href":"http:\/\/lematin.ca\/index.php?rest_route=\/wp\/v2\/pages\/1497"}],"wp:attachment":[{"href":"http:\/\/lematin.ca\/index.php?rest_route=%2Fwp%2Fv2%2Fmedia&parent=1491"}],"curies":[{"name":"wp","href":"https:\/\/api.w.org\/{rel}","templated":true}]}}