{"id":1495,"date":"2020-09-11T15:00:25","date_gmt":"2020-09-11T19:00:25","guid":{"rendered":"http:\/\/lematin.ca\/?page_id=1495"},"modified":"2020-09-11T15:01:05","modified_gmt":"2020-09-11T19:01:05","slug":"dies","status":"publish","type":"page","link":"http:\/\/lematin.ca\/?page_id=1495","title":{"rendered":"Dies"},"content":{"rendered":"<p><span style=\"color: #000000;\"><strong>Contributeurs ind\u00e9pendants et Conseillers<\/strong><\/span><\/p>\n<ul>\n<li><span style=\"color: #000000;\"><a style=\"color: #000000;\" href=\"http:\/\/jehovah-gerardkennedyalcius.ca\">Dr G\u00e9rard Kennedy Alcius<\/a> &#8211; Relations Internationales &amp; Diplomatie, Politique et \u00c9conomie\u00a0<\/span><\/li>\n<li><span style=\"color: #000000;\"><a style=\"color: #000000;\" href=\"http:\/\/gaonconseilinternational.ca\">Me Dieuveil Garry Romulus<\/a> &#8211; Conseil juridique, structuralisme et gouvernance<\/span><\/li>\n<li><span style=\"color: #000000;\"><a style=\"color: #000000;\" href=\"http:\/\/milacommunications.ca\">Mike Lafontant<\/a> &#8211; Communications &amp; Relations Publiques<\/span><\/li>\n<li><span style=\"color: #000000;\"><a style=\"color: #000000;\" href=\"http:\/\/defikp.com\">D\u00e9fi KP<\/a> (Mike) &#8211; Ind\u00e9pendant (publication)<\/span><\/li>\n<li><span style=\"color: #000000;\"><a style=\"color: #000000;\" href=\"http:\/\/garaudylaguerre.com\">Garaudy Laguerre<\/a> &#8211; Contributeur Ind\u00e9pendant<\/span><\/li>\n<li><a href=\"http:\/\/divainternational.ch\">Marit Fosse<\/a> &#8211; Diva Magazine \/ International Diplomat<\/li>\n<li><a href=\"http:\/\/hispaniola-debout.org\">Jean-Claude Valbrun<\/a> &#8211; Consultant (diplomatie \/ affaires administratives)<\/li>\n<li><a href=\"http:\/\/haiti-observateur.org\">L\u00e9o Joseph<\/a> &#8211; Haiti-Observateur<\/li>\n<li><a href=\"http:\/\/haiti-Observateur.info\">Ray Joseph<\/a> &#8211; Ha\u00efti-Observateur<\/li>\n<\/ul>\n","protected":false},"excerpt":{"rendered":"<p>Contributeurs ind\u00e9pendants et Conseillers Dr G\u00e9rard Kennedy Alcius &#8211; Relations Internationales &amp; Diplomatie, Politique et \u00c9conomie\u00a0 Me Dieuveil Garry Romulus &#8211; Conseil juridique, structuralisme et gouvernance Mike Lafontant &#8211; Communications &amp; Relations Publiques D\u00e9fi KP (Mike) &#8211; Ind\u00e9pendant (publication) Garaudy Laguerre &#8211; Contributeur Ind\u00e9pendant Marit Fosse &#8211; Diva Magazine \/ International Diplomat Jean-Claude Valbrun &#8211; Consultant (diplomatie \/ affaires administratives) L\u00e9o Joseph &#8211; Haiti-Observateur Ray Joseph &#8211; Ha\u00efti-Observateur<\/p>\n","protected":false},"author":2,"featured_media":0,"parent":1497,"menu_order":0,"comment_status":"closed","ping_status":"closed","template":"","meta":[],"_links":{"self":[{"href":"http:\/\/lematin.ca\/index.php?rest_route=\/wp\/v2\/pages\/1495"}],"collection":[{"href":"http:\/\/lematin.ca\/index.php?rest_route=\/wp\/v2\/pages"}],"about":[{"href":"http:\/\/lematin.ca\/index.php?rest_route=\/wp\/v2\/types\/page"}],"author":[{"embeddable":true,"href":"http:\/\/lematin.ca\/index.php?rest_route=\/wp\/v2\/users\/2"}],"replies":[{"embeddable":true,"href":"http:\/\/lematin.ca\/index.php?rest_route=%2Fwp%2Fv2%2Fcomments&post=1495"}],"version-history":[{"count":1,"href":"http:\/\/lematin.ca\/index.php?rest_route=\/wp\/v2\/pages\/1495\/revisions"}],"predecessor-version":[{"id":1496,"href":"http:\/\/lematin.ca\/index.php?rest_route=\/wp\/v2\/pages\/1495\/revisions\/1496"}],"up":[{"embeddable":true,"href":"http:\/\/lematin.ca\/index.php?rest_route=\/wp\/v2\/pages\/1497"}],"wp:attachment":[{"href":"http:\/\/lematin.ca\/index.php?rest_route=%2Fwp%2Fv2%2Fmedia&parent=1495"}],"curies":[{"name":"wp","href":"https:\/\/api.w.org\/{rel}","templated":true}]}}