{"id":1567,"date":"2020-09-29T14:54:16","date_gmt":"2020-09-29T18:54:16","guid":{"rendered":"http:\/\/lematin.ca\/?page_id=1567"},"modified":"2021-07-28T16:53:09","modified_gmt":"2021-07-28T20:53:09","slug":"contacts","status":"publish","type":"page","link":"http:\/\/lematin.ca\/?page_id=1567","title":{"rendered":"Contacts"},"content":{"rendered":"<hr \/>\n<p><strong>\u00e9crivez-nous \u00e0 :<\/strong><\/p>\n<ul>\n<li><strong>Le Matin canadien (CANADA)<\/strong><\/li>\n<li>Le Matin canadien est une \u00e9dition canadienne op\u00e9r\u00e9e par Syst\u00e8me-<em>dedieu<\/em> dans la constellation GDMA<\/li>\n<li>5660 Grande-All\u00e9e, Saint-Hubert QC Canada<\/li>\n<li>adresse IP : http:\/\/lematin.ca<\/li>\n<li>Le <strong>Matin<\/strong> canadien (Le <strong>Matin<\/strong> Canada) ;\n<ul>\n<li><strong>ISSN 2564-1778 Le matin canadien (imprim\u00e9)<\/strong>\n<ul>\n<li>Variante de titre : Matin Canada<\/li>\n<\/ul>\n<\/li>\n<li><strong>ISSN 2564-176X Le matin canadien (en ligne)<\/strong>\n<ul>\n<li>Variante de titre : Matin Canada<\/li>\n<\/ul>\n<\/li>\n<\/ul>\n<\/li>\n<li>R\u00e9daction : <a href=\"mailto:lovinsky2008@gmail.com\">lovinsky2008@gmail.com<\/a><\/li>\n<li>administration : <a href=\"mailto:lovinsky2008@hotmail.com\">lovinsky2008@hotmail.com<\/a><\/li>\n<li>\u00c9ditions : <a href=\"mailto:gerardsmilord@gmail.com\">gerardsmilord@gmail.com<\/a><\/li>\n<li><strong>T\u00e9l\u00e9phone<\/strong>\n<ul>\n<li><strong>Canada<\/strong> : 438 788 0956<\/li>\n<\/ul>\n<\/li>\n<li>Correspondant\n<ul>\n<li style=\"list-style-type: none;\">\n<ul>\n<li><strong>\u00c9. U. <em>d&rsquo;A<\/em><\/strong>: 203 293 6112<\/li>\n<li><strong>S<\/strong>uisse : +41 22 917 43 01<\/li>\n<li><strong>F<\/strong>rance : +33 7 52 27 86 21<\/li>\n<li><a href=\"mailto:diva.international@gmail.com\">diva.international@gmail.com<\/a><\/li>\n<\/ul>\n<\/li>\n<\/ul>\n<\/li>\n<li>Le Matin canadien est une \u00e9dition canadienne op\u00e9r\u00e9e par Syst\u00e8me-<em>dedieu<\/em> dans la constellation GDMA<\/li>\n<\/ul>\n","protected":false},"excerpt":{"rendered":"<p>\u00e9crivez-nous \u00e0 : Le Matin canadien (CANADA) Le Matin canadien est une \u00e9dition canadienne op\u00e9r\u00e9e par Syst\u00e8me-dedieu dans la constellation GDMA 5660 Grande-All\u00e9e, Saint-Hubert QC Canada adresse IP : http:\/\/lematin.ca Le Matin canadien (Le Matin Canada) ; ISSN 2564-1778 Le matin canadien (imprim\u00e9) Variante de titre : Matin Canada ISSN 2564-176X Le matin canadien (en ligne) Variante de titre : Matin Canada R\u00e9daction : lovinsky2008@gmail.com administration : lovinsky2008@hotmail.com \u00c9ditions : gerardsmilord@gmail.com T\u00e9l\u00e9phone Canada : 438 788 0956 Correspondant \u00c9. U. d&rsquo;A: 203 293 6112 Suisse : +41 22 917 43&#8230; <\/p>\n","protected":false},"author":2,"featured_media":0,"parent":1887,"menu_order":0,"comment_status":"closed","ping_status":"closed","template":"","meta":[],"_links":{"self":[{"href":"http:\/\/lematin.ca\/index.php?rest_route=\/wp\/v2\/pages\/1567"}],"collection":[{"href":"http:\/\/lematin.ca\/index.php?rest_route=\/wp\/v2\/pages"}],"about":[{"href":"http:\/\/lematin.ca\/index.php?rest_route=\/wp\/v2\/types\/page"}],"author":[{"embeddable":true,"href":"http:\/\/lematin.ca\/index.php?rest_route=\/wp\/v2\/users\/2"}],"replies":[{"embeddable":true,"href":"http:\/\/lematin.ca\/index.php?rest_route=%2Fwp%2Fv2%2Fcomments&post=1567"}],"version-history":[{"count":5,"href":"http:\/\/lematin.ca\/index.php?rest_route=\/wp\/v2\/pages\/1567\/revisions"}],"predecessor-version":[{"id":1901,"href":"http:\/\/lematin.ca\/index.php?rest_route=\/wp\/v2\/pages\/1567\/revisions\/1901"}],"up":[{"embeddable":true,"href":"http:\/\/lematin.ca\/index.php?rest_route=\/wp\/v2\/pages\/1887"}],"wp:attachment":[{"href":"http:\/\/lematin.ca\/index.php?rest_route=%2Fwp%2Fv2%2Fmedia&parent=1567"}],"curies":[{"name":"wp","href":"https:\/\/api.w.org\/{rel}","templated":true}]}}